{"id":76,"date":"2019-06-21T15:47:19","date_gmt":"2019-06-21T19:47:19","guid":{"rendered":"https:\/\/bcc.ing.uchile.cl\/?page_id=76"},"modified":"2019-10-17T18:12:59","modified_gmt":"2019-10-17T22:12:59","slug":"formacion","status":"publish","type":"page","link":"https:\/\/bcc.ing.uchile.cl\/?page_id=76","title":{"rendered":"Formaci\u00f3n"},"content":{"rendered":"\n<figure class=\"wp-block-embed-youtube wp-block-embed is-type-video is-provider-youtube wp-embed-aspect-16-9 wp-has-aspect-ratio\"><div class=\"wp-block-embed__wrapper\">\n<iframe title=\"Sustentabilidad en la FCFM\" width=\"1170\" height=\"658\" src=\"https:\/\/www.youtube.com\/embed\/3sOJBsKr-Ls?feature=oembed\" frameborder=\"0\" allow=\"accelerometer; autoplay; encrypted-media; gyroscope; picture-in-picture\" allowfullscreen><\/iframe>\n<\/div><\/figure>\n\n\n\n<p>Nuestras y nuestros egresados deber\u00e1n ser capaces de abordar los \ngrandes desaf\u00edos del cambio clim\u00e1tico. Hemos avanzado en incorporar \ncompetencias para la sustentabilidad en la formaci\u00f3n de nuestros \nestudiantes, las que se materializan de manera transversal en distintos \ncursos y especializaciones que se ofrecen en nuestra Facultad. Sin \nembargo, nos proponemos metas m\u00e1s ambiciosas. El cambio clim\u00e1tico, en \ntanto fen\u00f3meno complejo multidimensional, requiere ser abordado desde \nuna perspectiva interdisciplinaria y diversa.<\/p>\n\n\n\n<p>Nuestros compromisos en formaci\u00f3n son:<\/p>\n\n\n\n<ul class=\"wp-block-list\"><li>Generar e implementar enfoques metodol\u00f3gicos que permitan que \nnuestros estudiantes desarrollen pensamiento sist\u00e9mico, que integre los \nefectos del cambio clim\u00e1tico para contribuir como agentes de cambio en \nla sociedad.<\/li><li>Incorporar l\u00edneas tem\u00e1ticas sobre comprensi\u00f3n, mitigaci\u00f3n y \nadaptaci\u00f3n al cambio clim\u00e1tico, en una progresi\u00f3n de cursos desde etapas\n tempranas de la formaci\u00f3n de los estudiantes hasta la fase de \ngraduaci\u00f3n.<\/li><li>Creaci\u00f3n de programas espec\u00edficos para enfrentar los desaf\u00edos que \nplantea el cambio clim\u00e1tico, abordando tanto aspectos cient\u00edficos como \ntecnol\u00f3gicos y de innovaci\u00f3n, de manera articulada con otras facultades.<\/li><\/ul>\n\n\n\n<figure class=\"wp-block-image\"><img decoding=\"async\" src=\"https:\/\/bcc.ing.uchile.cl\/wp-content\/uploads\/2019\/06\/formacion-1-1024x1024.png\" alt=\"\" class=\"wp-image-139\"\/><\/figure>\n","protected":false},"excerpt":{"rendered":"<p>Nuestras y nuestros egresados deber\u00e1n ser capaces de abordar los grandes desaf\u00edos del cambio clim\u00e1tico. Hemos avanzado en incorporar competencias [&hellip;]<\/p>\n","protected":false},"author":3,"featured_media":0,"parent":37,"menu_order":0,"comment_status":"closed","ping_status":"closed","template":"","meta":{"footnotes":""},"class_list":["post-76","page","type-page","status-publish","hentry"],"_links":{"self":[{"href":"https:\/\/bcc.ing.uchile.cl\/index.php?rest_route=\/wp\/v2\/pages\/76","targetHints":{"allow":["GET"]}}],"collection":[{"href":"https:\/\/bcc.ing.uchile.cl\/index.php?rest_route=\/wp\/v2\/pages"}],"about":[{"href":"https:\/\/bcc.ing.uchile.cl\/index.php?rest_route=\/wp\/v2\/types\/page"}],"author":[{"embeddable":true,"href":"https:\/\/bcc.ing.uchile.cl\/index.php?rest_route=\/wp\/v2\/users\/3"}],"replies":[{"embeddable":true,"href":"https:\/\/bcc.ing.uchile.cl\/index.php?rest_route=%2Fwp%2Fv2%2Fcomments&post=76"}],"version-history":[{"count":6,"href":"https:\/\/bcc.ing.uchile.cl\/index.php?rest_route=\/wp\/v2\/pages\/76\/revisions"}],"predecessor-version":[{"id":799,"href":"https:\/\/bcc.ing.uchile.cl\/index.php?rest_route=\/wp\/v2\/pages\/76\/revisions\/799"}],"up":[{"embeddable":true,"href":"https:\/\/bcc.ing.uchile.cl\/index.php?rest_route=\/wp\/v2\/pages\/37"}],"wp:attachment":[{"href":"https:\/\/bcc.ing.uchile.cl\/index.php?rest_route=%2Fwp%2Fv2%2Fmedia&parent=76"}],"curies":[{"name":"wp","href":"https:\/\/api.w.org\/{rel}","templated":true}]}}