{"id":308,"date":"2019-07-02T08:38:58","date_gmt":"2019-07-02T12:38:58","guid":{"rendered":"https:\/\/bcc.ing.uchile.cl\/?page_id=308"},"modified":"2019-08-12T13:48:38","modified_gmt":"2019-08-12T17:48:38","slug":"exposicion-artes-y-ciencias","status":"publish","type":"page","link":"https:\/\/bcc.ing.uchile.cl\/?page_id=308","title":{"rendered":"Exposici\u00f3n artes y ciencias"},"content":{"rendered":"\n<h2 class=\"wp-block-heading\">Convocatoria<\/h2>\n\n\n\n<p>Estimado\/a integrante de la comunidad FCFM,<\/p>\n\n\n\n<p>La iniciativa Beauchef Cambio Clim\u00e1tico de la Facultad de Ciencias F\u00edsicas y Matem\u00e1ticas de la Universidad de Chile est\u00e1 organizando la semana <em>COP25, Ingenier\u00eda y Ciencias<\/em>, que realizaremos entre el lunes 19 y viernes 23 de agosto de 2019 en el Campus Beauchef. Esta iniciativa nace en respuesta al desaf\u00edo cient\u00edfico y tecnol\u00f3gico que significa detener el calentamiento global en un valor compatible con el Acuerdo de Par\u00eds y el informe del IPCC para los 1,5oC.  <\/p>\n\n\n\n<p>En este contexto, queremos invitar a toda la comunidad de la Facultad de Ciencias F\u00edsicas y Matem\u00e1ticas de la Universidad de Chile para que participe de la <em>exposici\u00f3n artes y ciencias<\/em> en alguna de las siguientes categor\u00edas:<\/p>\n\n\n\n<p>Enviar sus trabajos y obras a <strong><a href=\"mailto: ibcc@ing.uchile.cl\">ibcc@ing.uchile.cl<\/a><\/strong><\/p>\n\n\n\n<p><strong>Concurso artes visuales y literarias sobre cambio clim\u00e1tico.<\/strong> Se invita a participar de este concurso enviando sus creaciones en alguna de los siguientes formatos.<\/p>\n\n\n\n<ul class=\"wp-block-list\"><li>\n\n\tMaterial audiovisual \n\t\n\t<\/li><li>\n\n\tCuentos y poemas\n\t<\/li><li>\n\n\tMemes\n<\/li><\/ul>\n\n\n\n<p>Las bases del concurso artes visuales y literarias sobre cambio clim\u00e1tico se encuentran en <a href=\"https:\/\/bcc.ing.uchile.cl\/?page_id=319\">este link<\/a>.<\/p>\n\n\n\n<p><strong>Ciencias.<\/strong> Solicitamos enviar el resumen de su trabajo para que el comit\u00e9 cient\u00edfico eval\u00fae su pertinencia para ser presentados en la sesi\u00f3n de p\u00f3ster de la <em>exposici\u00f3n artes y ciencias<\/em> (<a href=\"https:\/\/bcc.ing.uchile.cl\/wp-content\/uploads\/2019\/07\/Ficha_Posters.docx\">bajar plantilla<\/a>). Habr\u00e1 espacio para:<\/p>\n\n\n\n<ul class=\"wp-block-list\"><li>\n\n\tP\u00f3ster de investigaci\u00f3n. Similar a\n\tpresentaci\u00f3n de p\u00f3ster de un congreso cient\u00edfico, abierta a\n\tacad\u00e9micos y estudiantes de la FCFM para que den a conocer sus\n\ttrabajos de investigaci\u00f3n.\n\t<\/li><li>\n\n\tP\u00f3ster profesional. Destinado a\n\tespecialmente a egresados y egresadas que deseen dar a conocer las\n\tiniciativas profesionales en la que trabajan, y que se enmarquen en\n\ttem\u00e1ticas de adaptaci\u00f3n o mitigaci\u00f3n del calentamiento global.\n<\/li><\/ul>\n\n\n\n<p>El plazo de recepci\u00f3n de sus trabajos y creaciones vence el <strong>viernes 9 de agosto<\/strong>. <\/p>\n\n\n\n<p><\/p>\n","protected":false},"excerpt":{"rendered":"<p>Convocatoria Estimado\/a integrante de la comunidad FCFM, La iniciativa Beauchef Cambio Clim\u00e1tico de la Facultad de Ciencias F\u00edsicas y Matem\u00e1ticas [&hellip;]<\/p>\n","protected":false},"author":3,"featured_media":0,"parent":0,"menu_order":0,"comment_status":"closed","ping_status":"closed","template":"","meta":{"footnotes":""},"class_list":["post-308","page","type-page","status-publish","hentry"],"_links":{"self":[{"href":"https:\/\/bcc.ing.uchile.cl\/index.php?rest_route=\/wp\/v2\/pages\/308","targetHints":{"allow":["GET"]}}],"collection":[{"href":"https:\/\/bcc.ing.uchile.cl\/index.php?rest_route=\/wp\/v2\/pages"}],"about":[{"href":"https:\/\/bcc.ing.uchile.cl\/index.php?rest_route=\/wp\/v2\/types\/page"}],"author":[{"embeddable":true,"href":"https:\/\/bcc.ing.uchile.cl\/index.php?rest_route=\/wp\/v2\/users\/3"}],"replies":[{"embeddable":true,"href":"https:\/\/bcc.ing.uchile.cl\/index.php?rest_route=%2Fwp%2Fv2%2Fcomments&post=308"}],"version-history":[{"count":8,"href":"https:\/\/bcc.ing.uchile.cl\/index.php?rest_route=\/wp\/v2\/pages\/308\/revisions"}],"predecessor-version":[{"id":733,"href":"https:\/\/bcc.ing.uchile.cl\/index.php?rest_route=\/wp\/v2\/pages\/308\/revisions\/733"}],"wp:attachment":[{"href":"https:\/\/bcc.ing.uchile.cl\/index.php?rest_route=%2Fwp%2Fv2%2Fmedia&parent=308"}],"curies":[{"name":"wp","href":"https:\/\/api.w.org\/{rel}","templated":true}]}}