{"id":202,"date":"2019-06-25T16:08:18","date_gmt":"2019-06-25T20:08:18","guid":{"rendered":"https:\/\/bcc.ing.uchile.cl\/?page_id=202"},"modified":"2019-07-25T08:54:29","modified_gmt":"2019-07-25T12:54:29","slug":"programa-talleres-para-agentes-del-cambio","status":"publish","type":"page","link":"https:\/\/bcc.ing.uchile.cl\/?page_id=202","title":{"rendered":"Talleres para agentes del cambio"},"content":{"rendered":"\t\t<div data-elementor-type=\"wp-post\" data-elementor-id=\"202\" class=\"elementor elementor-202\">\n\t\t\t\t\t\t<section class=\"elementor-section elementor-top-section elementor-element elementor-element-11617ce3 elementor-section-boxed elementor-section-height-default elementor-section-height-default\" data-id=\"11617ce3\" data-element_type=\"section\" data-e-type=\"section\">\n\t\t\t\t\t\t<div class=\"elementor-container elementor-column-gap-default\">\n\t\t\t\t\t<div class=\"elementor-column elementor-col-100 elementor-top-column elementor-element elementor-element-51ed9593\" data-id=\"51ed9593\" data-element_type=\"column\" data-e-type=\"column\">\n\t\t\t<div class=\"elementor-widget-wrap elementor-element-populated\">\n\t\t\t\t\t\t<div class=\"elementor-element elementor-element-39172ed2 elementor-widget elementor-widget-text-editor\" data-id=\"39172ed2\" data-element_type=\"widget\" data-e-type=\"widget\" data-widget_type=\"text-editor.default\">\n\t\t\t\t<div class=\"elementor-widget-container\">\n\t\t\t\t\t\t\t\t\t<p>La Iniciativa Beauchef Cambio Clim\u00e1tico de la FCFM invitan a participar de los <strong>Talleres para agentes del cambio<\/strong> que ofrece OpenBeauchef, ETHICS y el CMM<\/p><p>Estos talleres <b><span style=\"color: #c2230d;\">son gratuitos y la participaci\u00f3n ser\u00e1 acreditada por la FCFM<\/span><\/b>.<\/p><p>Se extiende esta invita a participar a todos los estudiantes de la FCFM, Universidad de Chile, y universidades en general.<\/p>\t\t\t\t\t\t\t\t<\/div>\n\t\t\t\t<\/div>\n\t\t\t\t\t<\/div>\n\t\t<\/div>\n\t\t\t\t\t<\/div>\n\t\t<\/section>\n\t\t\t\t<section class=\"elementor-section elementor-top-section elementor-element elementor-element-bbc08e4 elementor-section-boxed elementor-section-height-default elementor-section-height-default\" data-id=\"bbc08e4\" data-element_type=\"section\" data-e-type=\"section\">\n\t\t\t\t\t\t<div class=\"elementor-container elementor-column-gap-default\">\n\t\t\t\t\t<div class=\"elementor-column elementor-col-100 elementor-top-column elementor-element elementor-element-7bed11b\" data-id=\"7bed11b\" data-element_type=\"column\" data-e-type=\"column\">\n\t\t\t<div class=\"elementor-widget-wrap elementor-element-populated\">\n\t\t\t\t\t\t<div class=\"elementor-element elementor-element-dba2455 elementor-widget elementor-widget-text-editor\" data-id=\"dba2455\" data-element_type=\"widget\" data-e-type=\"widget\" data-widget_type=\"text-editor.default\">\n\t\t\t\t<div class=\"elementor-widget-container\">\n\t\t\t\t\t\t\t\t\t<p><span style=\"color: #c2230d;\">\u00bfAyudar\u00edas con la difusi\u00f3n?<\/span> Comparte esta p\u00e1gina y el afiche de estos talleres (<a href=\"https:\/\/bcc.ing.uchile.cl\/wp-content\/uploads\/2019\/07\/TalleresEstudiantesCOP25.png\">descargar afiche<\/a>, <a href=\"https:\/\/bcc.ing.uchile.cl\/wp-content\/uploads\/2019\/07\/TalleresEstudiantesMasChicoCOP25.png\">descarga RRSS<\/a>)<\/p><p>Gracias!<\/p>\t\t\t\t\t\t\t\t<\/div>\n\t\t\t\t<\/div>\n\t\t\t\t\t<\/div>\n\t\t<\/div>\n\t\t\t\t\t<\/div>\n\t\t<\/section>\n\t\t\t\t<section class=\"elementor-section elementor-top-section elementor-element elementor-element-e429770 elementor-section-boxed elementor-section-height-default elementor-section-height-default\" data-id=\"e429770\" data-element_type=\"section\" data-e-type=\"section\">\n\t\t\t\t\t\t<div class=\"elementor-container elementor-column-gap-default\">\n\t\t\t\t\t<div class=\"elementor-column elementor-col-100 elementor-top-column elementor-element elementor-element-d2467de\" data-id=\"d2467de\" data-element_type=\"column\" data-e-type=\"column\">\n\t\t\t<div class=\"elementor-widget-wrap elementor-element-populated\">\n\t\t\t\t\t\t<div class=\"elementor-element elementor-element-078d443 elementor-align-center elementor-widget elementor-widget-button\" data-id=\"078d443\" data-element_type=\"widget\" data-e-type=\"widget\" data-widget_type=\"button.default\">\n\t\t\t\t<div class=\"elementor-widget-container\">\n\t\t\t\t\t\t\t\t\t<div class=\"elementor-button-wrapper\">\n\t\t\t\t\t<a class=\"elementor-button elementor-button-link elementor-size-md\" href=\"https:\/\/docs.google.com\/forms\/d\/e\/1FAIpQLSfaGEefpcyynnz1JuWMkUR1nz8c-I5vmVkyljd1C_A1kYCmEQ\/viewform?usp=pp_url\" target=\"_blank\">\n\t\t\t\t\t\t<span class=\"elementor-button-content-wrapper\">\n\t\t\t\t\t\t\t\t\t<span class=\"elementor-button-text\">Postula aqu\u00ed<br> <\/span>\n\t\t\t\t\t<\/span>\n\t\t\t\t\t<\/a>\n\t\t\t\t<\/div>\n\t\t\t\t\t\t\t\t<\/div>\n\t\t\t\t<\/div>\n\t\t\t\t\t<\/div>\n\t\t<\/div>\n\t\t\t\t\t<\/div>\n\t\t<\/section>\n\t\t\t\t<section class=\"elementor-section elementor-top-section elementor-element elementor-element-cca2273 elementor-section-boxed elementor-section-height-default elementor-section-height-default\" data-id=\"cca2273\" data-element_type=\"section\" data-e-type=\"section\">\n\t\t\t\t\t\t<div class=\"elementor-container elementor-column-gap-default\">\n\t\t\t\t\t<div class=\"elementor-column elementor-col-100 elementor-top-column elementor-element elementor-element-a6fbe3f\" data-id=\"a6fbe3f\" data-element_type=\"column\" data-e-type=\"column\">\n\t\t\t<div class=\"elementor-widget-wrap elementor-element-populated\">\n\t\t\t\t\t\t<div class=\"elementor-element elementor-element-220a082 elementor-widget-divider--view-line elementor-widget elementor-widget-divider\" data-id=\"220a082\" data-element_type=\"widget\" data-e-type=\"widget\" data-widget_type=\"divider.default\">\n\t\t\t\t<div class=\"elementor-widget-container\">\n\t\t\t\t\t\t\t<div class=\"elementor-divider\">\n\t\t\t<span class=\"elementor-divider-separator\">\n\t\t\t\t\t\t<\/span>\n\t\t<\/div>\n\t\t\t\t\t\t<\/div>\n\t\t\t\t<\/div>\n\t\t\t\t\t<\/div>\n\t\t<\/div>\n\t\t\t\t\t<\/div>\n\t\t<\/section>\n\t\t\t\t<section class=\"elementor-section elementor-top-section elementor-element elementor-element-01fd7f0 elementor-section-boxed elementor-section-height-default elementor-section-height-default\" data-id=\"01fd7f0\" data-element_type=\"section\" data-e-type=\"section\">\n\t\t\t\t\t\t<div class=\"elementor-container elementor-column-gap-default\">\n\t\t\t\t\t<div class=\"elementor-column elementor-col-100 elementor-top-column elementor-element elementor-element-33a18f3\" data-id=\"33a18f3\" data-element_type=\"column\" data-e-type=\"column\">\n\t\t\t<div class=\"elementor-widget-wrap elementor-element-populated\">\n\t\t\t\t\t\t<div class=\"elementor-element elementor-element-2d551d1 elementor-widget elementor-widget-accordion\" data-id=\"2d551d1\" data-element_type=\"widget\" data-e-type=\"widget\" data-widget_type=\"accordion.default\">\n\t\t\t\t<div class=\"elementor-widget-container\">\n\t\t\t\t\t\t\t<div class=\"elementor-accordion\">\n\t\t\t\t\t\t\t<div class=\"elementor-accordion-item\">\n\t\t\t\t\t<div id=\"elementor-tab-title-4751\" class=\"elementor-tab-title\" data-tab=\"1\" role=\"button\" aria-controls=\"elementor-tab-content-4751\" aria-expanded=\"false\">\n\t\t\t\t\t\t\t\t\t\t\t\t\t<span class=\"elementor-accordion-icon elementor-accordion-icon-left\" aria-hidden=\"true\">\n\t\t\t\t\t\t\t\t\t\t\t\t\t\t\t<span class=\"elementor-accordion-icon-closed\"><i class=\"fas fa-plus\"><\/i><\/span>\n\t\t\t\t\t\t\t\t<span class=\"elementor-accordion-icon-opened\"><i class=\"fas fa-minus\"><\/i><\/span>\n\t\t\t\t\t\t\t\t\t\t\t\t\t\t<\/span>\n\t\t\t\t\t\t\t\t\t\t\t\t<a class=\"elementor-accordion-title\" tabindex=\"0\">Detalle de los talleres<\/a>\n\t\t\t\t\t<\/div>\n\t\t\t\t\t<div id=\"elementor-tab-content-4751\" class=\"elementor-tab-content elementor-clearfix\" data-tab=\"1\" role=\"region\" aria-labelledby=\"elementor-tab-title-4751\"><\/div>\n\t\t\t\t<\/div>\n\t\t\t\t\t\t\t<div class=\"elementor-accordion-item\">\n\t\t\t\t\t<div id=\"elementor-tab-title-4752\" class=\"elementor-tab-title\" data-tab=\"2\" role=\"button\" aria-controls=\"elementor-tab-content-4752\" aria-expanded=\"false\">\n\t\t\t\t\t\t\t\t\t\t\t\t\t<span class=\"elementor-accordion-icon elementor-accordion-icon-left\" aria-hidden=\"true\">\n\t\t\t\t\t\t\t\t\t\t\t\t\t\t\t<span class=\"elementor-accordion-icon-closed\"><i class=\"fas fa-plus\"><\/i><\/span>\n\t\t\t\t\t\t\t\t<span class=\"elementor-accordion-icon-opened\"><i class=\"fas fa-minus\"><\/i><\/span>\n\t\t\t\t\t\t\t\t\t\t\t\t\t\t<\/span>\n\t\t\t\t\t\t\t\t\t\t\t\t<a class=\"elementor-accordion-title\" tabindex=\"0\">Taller de Ideas Sustentables.<br> Jueves 22 agosto, 16.00 a 18.00 horas<\/a>\n\t\t\t\t\t<\/div>\n\t\t\t\t\t<div id=\"elementor-tab-content-4752\" class=\"elementor-tab-content elementor-clearfix\" data-tab=\"2\" role=\"region\" aria-labelledby=\"elementor-tab-title-4752\"><p id=\"TS\"><strong>Resumen: <\/strong>El\u00a0taller de Ideaci\u00f3n para el desarrollo de Oportunidades Sustentables busca un espacio que promueva la ideaci\u00f3n de nuevas oportunidades en un entorno de colaboraci\u00f3n y co-creaci\u00f3n radical, basada en el reconocimiento de necesidades que viven las personas. El taller en una forma \u00e1gil de trabajo propiciar\u00e1 que los participantes puedan generar oportunidades sustentables comprendiendo el valor que significa entender a los usuarios para desarrollar propuestas con sentido y valor relevante para la sociedad. De esta manera toda idea que se desarrolle se someter\u00e1 de forma r\u00e1pida a la opini\u00f3n y co-construcci\u00f3n del colectivo participante para iterar la soluci\u00f3n siempre con foco en c\u00f3mo esta responde sustentablemente a las necesidades de los usuarios.<\/p><p><strong>Objetivos:<\/strong><\/p><ol><li>Resolver y validar soluciones propuestas que responden a una necesidad de los usuarios, de manera r\u00e1pida y din\u00e1mica.<\/li><li>Comunicar oportunidades de soluci\u00f3n de manera r\u00e1pida para aprender, validar e iterar, a partir del ejercicio colectivo.<\/li><li>Resolver problemas en grupos multidisciplinarios para desarrollar oportunidades de alto impacto sustentable.<\/li><li>Empatizar a trav\u00e9s del di\u00e1logo y observaci\u00f3n con los usuarios para el desarrollo de propuestas de oportunidad con sentido relevante para la sociedad.<\/li><\/ol><p><strong>Contenidos: <\/strong><\/p><ol><li>Modelo de Ideaci\u00f3n como prototipo de una oportunidad<\/li><li>Evaluaci\u00f3n de la oportunidad\/idea para determinar su impacto y factibilidad<\/li><li>Evaluaci\u00f3n del proceso para el dise\u00f1o de una oportunidad<\/li><li>La idea como un MVP<\/li><\/ol><p><strong>Responsable:<\/strong> Paulina Concha. L\u00edder Laboratorio de Innovaci\u00f3n y Emprendimiento.<\/p><\/div>\n\t\t\t\t<\/div>\n\t\t\t\t\t\t\t<div class=\"elementor-accordion-item\">\n\t\t\t\t\t<div id=\"elementor-tab-title-4753\" class=\"elementor-tab-title\" data-tab=\"3\" role=\"button\" aria-controls=\"elementor-tab-content-4753\" aria-expanded=\"false\">\n\t\t\t\t\t\t\t\t\t\t\t\t\t<span class=\"elementor-accordion-icon elementor-accordion-icon-left\" aria-hidden=\"true\">\n\t\t\t\t\t\t\t\t\t\t\t\t\t\t\t<span class=\"elementor-accordion-icon-closed\"><i class=\"fas fa-plus\"><\/i><\/span>\n\t\t\t\t\t\t\t\t<span class=\"elementor-accordion-icon-opened\"><i class=\"fas fa-minus\"><\/i><\/span>\n\t\t\t\t\t\t\t\t\t\t\t\t\t\t<\/span>\n\t\t\t\t\t\t\t\t\t\t\t\t<a class=\"elementor-accordion-title\" tabindex=\"0\">Taller de Agentes del Cambio en la esfera p\u00fablica.<br> Todos los d\u00edas<\/a>\n\t\t\t\t\t<\/div>\n\t\t\t\t\t<div id=\"elementor-tab-content-4753\" class=\"elementor-tab-content elementor-clearfix\" data-tab=\"3\" role=\"region\" aria-labelledby=\"elementor-tab-title-4753\"><p><strong>Objetivos:<\/strong> Promover el desarrollo temprano como \u201cagentes de cambio\u201d de\u00a0 j\u00f3venes inquietas\/os frente a los desaf\u00edos del Antropoceno en general y del cambio clim\u00e1tico en particular, entreg\u00e1ndoles herramientas que les permitan identificar y comprender las problem\u00e1ticas globales y locales que ellos conllevan, motivando a los\/as estudiantes a una acci\u00f3n reflexiva, \u00e9tica y emp\u00e1tica para abordar tales desaf\u00edos en escenarios inciertos y de emergencia planetaria.<\/p><p><strong>PROGRAMA<\/strong><\/p><div><em>Lunes 19<\/em><strong><br \/><\/strong><\/div><div><p>a. Asistencia obligatoria a conferencia de la profesora Maisa Rojas, inaugurando Semana.<br \/>b. Taller: Introducci\u00f3n al pensamiento y la acci\u00f3n sustentables. 16:15-18:15. A cargo de la profesora Dra. Claudia Rodr\u00edguez Seeger<\/p><p><em>Martes 20<\/em><br \/>a. Asistencia obligatoria a conferencia de profesora Laura Gallardo. 10:15hrs<br \/>b. Taller: La \u00e9tica en sistemas complejos y situaciones de emergencia. 12:00-14:00. A cargo del profesor Dr. Pablo Ram\u00edrez Rivas<\/p><p><em>Mi\u00e9rcoles 21<\/em><br \/>a. Asistencia obligatoria a Seminario \u201cEnerg\u00eda, agua y sustentabilidad: desaf\u00edos frente al cambio clim\u00e1tico\u201d. 10:00 \u2013 13:30<br \/>b. Taller \u201cPromoviendo la Empat\u00eda para liderar la Sustentabilidad: la expresi\u00f3n corporal y de las emociones como medio de comunicaci\u00f3n\u201d entre 16:15 y 18:15 hrs.. Profesores actores Oscar Berr\u00edos Inostroza y Deborah Carrasco Charl\u00edn.<\/p><p><em>Jueves 22<\/em><br \/>a. Asistencia obligatoria a conferencia de profesor Ren\u00e9 Garreaud. 10:15hrs<br \/>b. Taller de cierre: \u201cProblem\u00e1ticas del cambio clim\u00e1tico, escenarios y acciones posibles\u201d, entre 12:00 y 14:00 hrs. Presentaci\u00f3n de estudiantes. Evaluaci\u00f3n a cargo de profesores del Taller.<\/p><p><strong>Responsable:<\/strong> Claudia Rodriguez Seeger. L\u00edder ETHICS.<\/p><\/div><\/div>\n\t\t\t\t<\/div>\n\t\t\t\t\t\t\t<div class=\"elementor-accordion-item\">\n\t\t\t\t\t<div id=\"elementor-tab-title-4754\" class=\"elementor-tab-title\" data-tab=\"4\" role=\"button\" aria-controls=\"elementor-tab-content-4754\" aria-expanded=\"false\">\n\t\t\t\t\t\t\t\t\t\t\t\t\t<span class=\"elementor-accordion-icon elementor-accordion-icon-left\" aria-hidden=\"true\">\n\t\t\t\t\t\t\t\t\t\t\t\t\t\t\t<span class=\"elementor-accordion-icon-closed\"><i class=\"fas fa-plus\"><\/i><\/span>\n\t\t\t\t\t\t\t\t<span class=\"elementor-accordion-icon-opened\"><i class=\"fas fa-minus\"><\/i><\/span>\n\t\t\t\t\t\t\t\t\t\t\t\t\t\t<\/span>\n\t\t\t\t\t\t\t\t\t\t\t\t<a class=\"elementor-accordion-title\" tabindex=\"0\">Taller Modelaci\u00f3n, asimilaci\u00f3n de datos y cambio clim\u00e1tico. <br> Martes y Jueves de 10:15 a  11:45hrs<\/a>\n\t\t\t\t\t<\/div>\n\t\t\t\t\t<div id=\"elementor-tab-content-4754\" class=\"elementor-tab-content elementor-clearfix\" data-tab=\"4\" role=\"region\" aria-labelledby=\"elementor-tab-title-4754\"><p id=\"TC\"><strong>Objetivo:<\/strong> El taller consiste en dos sesiones donde se presenta la modelaci\u00f3n clim\u00e1tica y la asimilaci\u00f3n de datos que combina mediciones con modelos y que es una pieza clave en estudio y predicci\u00f3n del clima en nuestro planeta. Se propondr\u00e1n mini-proyectos relativos a la modelaci\u00f3n clim\u00e1tica o la asimilaci\u00f3n de datos para desarrollar en casa y los resultados de los proyectos ser\u00e1n resumidos en una presentaci\u00f3n de posters.<\/p><p><strong>Responsable:<\/strong> Axel Osses. CMM, CR2, DIM<\/p><\/div>\n\t\t\t\t<\/div>\n\t\t\t\t\t\t\t\t<\/div>\n\t\t\t\t\t\t<\/div>\n\t\t\t\t<\/div>\n\t\t\t\t\t<\/div>\n\t\t<\/div>\n\t\t\t\t\t<\/div>\n\t\t<\/section>\n\t\t\t\t<section class=\"elementor-section elementor-top-section elementor-element elementor-element-93ed7ab elementor-section-boxed elementor-section-height-default elementor-section-height-default\" data-id=\"93ed7ab\" data-element_type=\"section\" data-e-type=\"section\">\n\t\t\t\t\t\t<div class=\"elementor-container elementor-column-gap-default\">\n\t\t\t\t\t<div class=\"elementor-column elementor-col-100 elementor-top-column elementor-element elementor-element-4a40106\" data-id=\"4a40106\" data-element_type=\"column\" data-e-type=\"column\">\n\t\t\t<div class=\"elementor-widget-wrap elementor-element-populated\">\n\t\t\t\t\t\t<div class=\"elementor-element elementor-element-836fac1 elementor-widget elementor-widget-image\" data-id=\"836fac1\" data-element_type=\"widget\" data-e-type=\"widget\" data-widget_type=\"image.default\">\n\t\t\t\t<div class=\"elementor-widget-container\">\n\t\t\t\t\t\t\t\t\t\t\t\t\t\t\t<img decoding=\"async\" src=\"https:\/\/bcc.ing.uchile.cl\/wp-content\/uploads\/2019\/07\/TalleresEstudiantesCOP25.png\" title=\"\" alt=\"\" loading=\"lazy\" \/>\t\t\t\t\t\t\t\t\t\t\t\t\t\t\t<\/div>\n\t\t\t\t<\/div>\n\t\t\t\t\t<\/div>\n\t\t<\/div>\n\t\t\t\t\t<\/div>\n\t\t<\/section>\n\t\t\t\t<\/div>\n\t\t","protected":false},"excerpt":{"rendered":"<p>La Iniciativa Beauchef Cambio Clim\u00e1tico de la FCFM invitan a participar de los Talleres para agentes del cambio que ofrece [&hellip;]<\/p>\n","protected":false},"author":3,"featured_media":0,"parent":0,"menu_order":0,"comment_status":"closed","ping_status":"closed","template":"","meta":{"footnotes":""},"class_list":["post-202","page","type-page","status-publish","hentry"],"_links":{"self":[{"href":"https:\/\/bcc.ing.uchile.cl\/index.php?rest_route=\/wp\/v2\/pages\/202","targetHints":{"allow":["GET"]}}],"collection":[{"href":"https:\/\/bcc.ing.uchile.cl\/index.php?rest_route=\/wp\/v2\/pages"}],"about":[{"href":"https:\/\/bcc.ing.uchile.cl\/index.php?rest_route=\/wp\/v2\/types\/page"}],"author":[{"embeddable":true,"href":"https:\/\/bcc.ing.uchile.cl\/index.php?rest_route=\/wp\/v2\/users\/3"}],"replies":[{"embeddable":true,"href":"https:\/\/bcc.ing.uchile.cl\/index.php?rest_route=%2Fwp%2Fv2%2Fcomments&post=202"}],"version-history":[{"count":72,"href":"https:\/\/bcc.ing.uchile.cl\/index.php?rest_route=\/wp\/v2\/pages\/202\/revisions"}],"predecessor-version":[{"id":569,"href":"https:\/\/bcc.ing.uchile.cl\/index.php?rest_route=\/wp\/v2\/pages\/202\/revisions\/569"}],"wp:attachment":[{"href":"https:\/\/bcc.ing.uchile.cl\/index.php?rest_route=%2Fwp%2Fv2%2Fmedia&parent=202"}],"curies":[{"name":"wp","href":"https:\/\/api.w.org\/{rel}","templated":true}]}}